{"id":164,"date":"2024-09-02T19:18:19","date_gmt":"2024-09-02T19:18:19","guid":{"rendered":"https:\/\/goalspribe.com\/?page_id=164"},"modified":"2024-09-02T19:18:23","modified_gmt":"2024-09-02T19:18:23","slug":"contact-us","status":"publish","type":"page","link":"https:\/\/goalspribe.com\/fr\/contact-us\/","title":{"rendered":"Contactez-nous"},"content":{"rendered":"<p>N&#039;h\u00e9sitez pas \u00e0 nous contacter \u00e0 tout moment si vous avez des questions ou si vous avez besoin de plus d&#039;informations sur notre site Web.<\/p>\n\n\n\n<div class=\"wpcf7 no-js\" id=\"wpcf7-f162-o1\" lang=\"en-US\" dir=\"ltr\">\n<div class=\"screen-reader-response\"><p role=\"status\" aria-live=\"polite\" aria-atomic=\"true\"><\/p> <ul><\/ul><\/div>\n<form action=\"\/fr\/wp-json\/wp\/v2\/pages\/164#wpcf7-f162-o1\" method=\"post\" class=\"wpcf7-form init\" aria-label=\"Formulaire de contact\" novalidate=\"novalidate\" data-status=\"init\" data-trp-original-action=\"\/fr\/wp-json\/wp\/v2\/pages\/164#wpcf7-f162-o1\">\n<div style=\"display: none;\">\n<input type=\"hidden\" name=\"_wpcf7\" value=\"162\" \/>\n<input type=\"hidden\" name=\"_wpcf7_version\" value=\"5.9.8\" \/>\n<input type=\"hidden\" name=\"_wpcf7_locale\" value=\"en_US\" \/>\n<input type=\"hidden\" name=\"_wpcf7_unit_tag\" value=\"wpcf7-f162-o1\" \/>\n<input type=\"hidden\" name=\"_wpcf7_container_post\" value=\"0\" \/>\n<input type=\"hidden\" name=\"_wpcf7_posted_data_hash\" value=\"\" \/>\n<\/div>\n<p><label> Votre nom<br \/>\n<span class=\"wpcf7-form-control-wrap\" data-name=\"your-name\"><input size=\"40\" maxlength=\"400\" class=\"wpcf7-form-control wpcf7-text wpcf7-validates-as-required\" autocomplete=\"name\" aria-required=\"true\" aria-invalid=\"false\" value=\"\" type=\"text\" name=\"your-name\" \/><\/span> <\/label>\n<\/p>\n<p><label> Votre email<br \/>\n<span class=\"wpcf7-form-control-wrap\" data-name=\"your-email\"><input size=\"40\" maxlength=\"400\" class=\"wpcf7-form-control wpcf7-email wpcf7-validates-as-required wpcf7-text wpcf7-validates-as-email\" autocomplete=\"email\" aria-required=\"true\" aria-invalid=\"false\" value=\"\" type=\"email\" name=\"your-email\" \/><\/span> <\/label>\n<\/p>\n<p><label> Sujet<br \/>\n<span class=\"wpcf7-form-control-wrap\" data-name=\"your-subject\"><input size=\"40\" maxlength=\"400\" class=\"wpcf7-form-control wpcf7-text wpcf7-validates-as-required\" aria-required=\"true\" aria-invalid=\"false\" value=\"\" type=\"text\" name=\"your-subject\" \/><\/span> <\/label>\n<\/p>\n<p><label> Votre message (optionnel)<br \/>\n<span class=\"wpcf7-form-control-wrap\" data-name=\"your-message\"><textarea cols=\"40\" rows=\"10\" maxlength=\"2000\" class=\"wpcf7-form-control wpcf7-textarea\" aria-invalid=\"false\" name=\"your-message\"><\/textarea><\/span> <\/label>\n<\/p>\n<p><input class=\"wpcf7-form-control wpcf7-submit has-spinner\" type=\"submit\" value=\"Soumettre\" \/>\n<\/p><div class=\"wpcf7-response-output\" aria-hidden=\"true\"><\/div>\n<input type=\"hidden\" name=\"trp-form-language\" value=\"fr\"\/><\/form>\n<\/div>","protected":false},"excerpt":{"rendered":"<p>N&#039;h\u00e9sitez pas \u00e0 nous contacter \u00e0 tout moment si vous avez des questions ou si vous avez besoin de plus d&#039;informations sur notre site Web.<\/p>","protected":false},"author":1,"featured_media":0,"parent":0,"menu_order":0,"comment_status":"closed","ping_status":"closed","template":"","meta":{"footnotes":""},"class_list":["post-164","page","type-page","status-publish","hentry"],"yoast_head":"<!-- This site is optimized with the Yoast SEO plugin v20.11 - https:\/\/yoast.com\/wordpress\/plugins\/seo\/ -->\n<title>Contact Us Form<\/title>\n<meta name=\"description\" content=\"If you have any questions about our website, don&#039;t hesitate to reach out. We&#039;re here to help with any inquiries you might have.\" \/>\n<meta name=\"robots\" content=\"index, follow, max-snippet:-1, max-image-preview:large, max-video-preview:-1\" \/>\n<link rel=\"canonical\" href=\"https:\/\/goalspribe.com\/fr\/contact-us\/\" \/>\n<meta property=\"og:locale\" content=\"fr_FR\" \/>\n<meta property=\"og:type\" content=\"article\" \/>\n<meta property=\"og:title\" content=\"Contact Us Form\" \/>\n<meta property=\"og:description\" content=\"If you have any questions about our website, don&#039;t hesitate to reach out. We&#039;re here to help with any inquiries you might have.\" \/>\n<meta property=\"og:url\" content=\"https:\/\/goalspribe.com\/fr\/contact-us\/\" \/>\n<meta property=\"og:site_name\" content=\"Goal Spribe\" \/>\n<meta property=\"article:modified_time\" content=\"2024-09-02T19:18:23+00:00\" \/>\n<meta name=\"twitter:card\" content=\"summary_large_image\" \/>\n<meta name=\"twitter:label1\" content=\"Dur\u00e9e de lecture estim\u00e9e\" \/>\n\t<meta name=\"twitter:data1\" content=\"1 minute\" \/>\n<script type=\"application\/ld+json\" class=\"yoast-schema-graph\">{\"@context\":\"https:\/\/schema.org\",\"@graph\":[{\"@type\":\"WebPage\",\"@id\":\"https:\/\/goalspribe.com\/contact-us\/\",\"url\":\"https:\/\/goalspribe.com\/contact-us\/\",\"name\":\"Contact Us Form\",\"isPartOf\":{\"@id\":\"https:\/\/goalspribe.com\/#website\"},\"datePublished\":\"2024-09-02T19:18:19+00:00\",\"dateModified\":\"2024-09-02T19:18:23+00:00\",\"description\":\"If you have any questions about our website, don't hesitate to reach out. We're here to help with any inquiries you might have.\",\"breadcrumb\":{\"@id\":\"https:\/\/goalspribe.com\/contact-us\/#breadcrumb\"},\"inLanguage\":\"fr-FR\",\"potentialAction\":[{\"@type\":\"ReadAction\",\"target\":[\"https:\/\/goalspribe.com\/contact-us\/\"]}]},{\"@type\":\"BreadcrumbList\",\"@id\":\"https:\/\/goalspribe.com\/contact-us\/#breadcrumb\",\"itemListElement\":[{\"@type\":\"ListItem\",\"position\":1,\"name\":\"Home\",\"item\":\"https:\/\/goalspribe.com\/\"},{\"@type\":\"ListItem\",\"position\":2,\"name\":\"Contact Us\"}]},{\"@type\":\"WebSite\",\"@id\":\"https:\/\/goalspribe.com\/#website\",\"url\":\"https:\/\/goalspribe.com\/\",\"name\":\"Goal Spribe\",\"description\":\"Goal by Spribe\",\"publisher\":{\"@id\":\"https:\/\/goalspribe.com\/#organization\"},\"potentialAction\":[{\"@type\":\"SearchAction\",\"target\":{\"@type\":\"EntryPoint\",\"urlTemplate\":\"https:\/\/goalspribe.com\/?s={search_term_string}\"},\"query-input\":\"required name=search_term_string\"}],\"inLanguage\":\"fr-FR\"},{\"@type\":\"Organization\",\"@id\":\"https:\/\/goalspribe.com\/#organization\",\"name\":\"Goal Spribe\",\"url\":\"https:\/\/goalspribe.com\/\",\"logo\":{\"@type\":\"ImageObject\",\"inLanguage\":\"fr-FR\",\"@id\":\"https:\/\/goalspribe.com\/#\/schema\/logo\/image\/\",\"url\":\"https:\/\/goalspribe.com\/wp-content\/uploads\/2025\/04\/gooal-logo.png\",\"contentUrl\":\"https:\/\/goalspribe.com\/wp-content\/uploads\/2025\/04\/gooal-logo.png\",\"width\":228,\"height\":46,\"caption\":\"Goal Spribe\"},\"image\":{\"@id\":\"https:\/\/goalspribe.com\/#\/schema\/logo\/image\/\"}}]}<\/script>\n<!-- \/ Yoast SEO plugin. -->","yoast_head_json":{"title":"Contact Us Form","description":"If you have any questions about our website, don't hesitate to reach out. We're here to help with any inquiries you might have.","robots":{"index":"index","follow":"follow","max-snippet":"max-snippet:-1","max-image-preview":"max-image-preview:large","max-video-preview":"max-video-preview:-1"},"canonical":"https:\/\/goalspribe.com\/fr\/contact-us\/","og_locale":"fr_FR","og_type":"article","og_title":"Contact Us Form","og_description":"If you have any questions about our website, don't hesitate to reach out. We're here to help with any inquiries you might have.","og_url":"https:\/\/goalspribe.com\/fr\/contact-us\/","og_site_name":"Goal Spribe","article_modified_time":"2024-09-02T19:18:23+00:00","twitter_card":"summary_large_image","twitter_misc":{"Dur\u00e9e de lecture estim\u00e9e":"1 minute"},"schema":{"@context":"https:\/\/schema.org","@graph":[{"@type":"WebPage","@id":"https:\/\/goalspribe.com\/contact-us\/","url":"https:\/\/goalspribe.com\/contact-us\/","name":"Contact Us Form","isPartOf":{"@id":"https:\/\/goalspribe.com\/#website"},"datePublished":"2024-09-02T19:18:19+00:00","dateModified":"2024-09-02T19:18:23+00:00","description":"If you have any questions about our website, don't hesitate to reach out. We're here to help with any inquiries you might have.","breadcrumb":{"@id":"https:\/\/goalspribe.com\/contact-us\/#breadcrumb"},"inLanguage":"fr-FR","potentialAction":[{"@type":"ReadAction","target":["https:\/\/goalspribe.com\/contact-us\/"]}]},{"@type":"BreadcrumbList","@id":"https:\/\/goalspribe.com\/contact-us\/#breadcrumb","itemListElement":[{"@type":"ListItem","position":1,"name":"Home","item":"https:\/\/goalspribe.com\/"},{"@type":"ListItem","position":2,"name":"Contact Us"}]},{"@type":"WebSite","@id":"https:\/\/goalspribe.com\/#website","url":"https:\/\/goalspribe.com\/","name":"Goal Spribe","description":"Goal by Spribe","publisher":{"@id":"https:\/\/goalspribe.com\/#organization"},"potentialAction":[{"@type":"SearchAction","target":{"@type":"EntryPoint","urlTemplate":"https:\/\/goalspribe.com\/?s={search_term_string}"},"query-input":"required name=search_term_string"}],"inLanguage":"fr-FR"},{"@type":"Organization","@id":"https:\/\/goalspribe.com\/#organization","name":"Goal Spribe","url":"https:\/\/goalspribe.com\/","logo":{"@type":"ImageObject","inLanguage":"fr-FR","@id":"https:\/\/goalspribe.com\/#\/schema\/logo\/image\/","url":"https:\/\/goalspribe.com\/wp-content\/uploads\/2025\/04\/gooal-logo.png","contentUrl":"https:\/\/goalspribe.com\/wp-content\/uploads\/2025\/04\/gooal-logo.png","width":228,"height":46,"caption":"Goal Spribe"},"image":{"@id":"https:\/\/goalspribe.com\/#\/schema\/logo\/image\/"}}]}},"_links":{"self":[{"href":"https:\/\/goalspribe.com\/fr\/wp-json\/wp\/v2\/pages\/164","targetHints":{"allow":["GET"]}}],"collection":[{"href":"https:\/\/goalspribe.com\/fr\/wp-json\/wp\/v2\/pages"}],"about":[{"href":"https:\/\/goalspribe.com\/fr\/wp-json\/wp\/v2\/types\/page"}],"author":[{"embeddable":true,"href":"https:\/\/goalspribe.com\/fr\/wp-json\/wp\/v2\/users\/1"}],"replies":[{"embeddable":true,"href":"https:\/\/goalspribe.com\/fr\/wp-json\/wp\/v2\/comments?post=164"}],"version-history":[{"count":2,"href":"https:\/\/goalspribe.com\/fr\/wp-json\/wp\/v2\/pages\/164\/revisions"}],"predecessor-version":[{"id":166,"href":"https:\/\/goalspribe.com\/fr\/wp-json\/wp\/v2\/pages\/164\/revisions\/166"}],"wp:attachment":[{"href":"https:\/\/goalspribe.com\/fr\/wp-json\/wp\/v2\/media?parent=164"}],"curies":[{"name":"wp","href":"https:\/\/api.w.org\/{rel}","templated":true}]}}