{"id":156,"date":"2024-09-02T19:00:19","date_gmt":"2024-09-02T19:00:19","guid":{"rendered":"https:\/\/goalspribe.com\/?page_id=156"},"modified":"2024-09-02T19:00:21","modified_gmt":"2024-09-02T19:00:21","slug":"about-us","status":"publish","type":"page","link":"https:\/\/goalspribe.com\/fr\/about-us\/","title":{"rendered":"\u00c0 propos de nous"},"content":{"rendered":"<p>Bienvenue \u00e0 <a href=\"https:\/\/goalspribe.com\/fr\/\">Goalspribe.com<\/a>, votre destination ultime pour tout ce qui concerne le jeu exaltant Goal by Spribe. Ce jeu offre une exp\u00e9rience dynamique et interactive qui maintient les joueurs engag\u00e9s \u00e0 chaque instant. Notre plateforme est construite par une \u00e9quipe de passionn\u00e9s de jeux et de professionnels du secteur. Nous nous engageons \u00e0 fournir une analyse compl\u00e8te, des conseils strat\u00e9giques et les derni\u00e8res mises \u00e0 jour pour Goal Spribe.<\/p>\n\n\n\n<p><strong>Notre mission<\/strong><\/p>\n\n\n\n<p>Notre mission est de favoriser une communaut\u00e9 de joueurs Goal, o\u00f9 les strat\u00e9gies sont partag\u00e9es, les \u00e9tapes marquantes sont c\u00e9l\u00e9br\u00e9es et les comp\u00e9tences sont perfectionn\u00e9es. Nous nous effor\u00e7ons de fournir \u00e0 nos utilisateurs les connaissances et les outils dont ils ont besoin pour naviguer dans le jeu, am\u00e9liorer leur gameplay et profiter pleinement du frisson qu&#039;offre Goal. Que vous soyez un nouveau venu d\u00e9sireux d&#039;apprendre les bases ou un joueur chevronn\u00e9 cherchant \u00e0 perfectionner ses tactiques, GoalsPribe.com est votre ressource de r\u00e9f\u00e9rence.<\/p>\n\n\n\n<p><strong>Jeu Responsable<\/strong><\/p>\n\n\n\n<p>Chez Goalspribe.com, nous accordons la priorit\u00e9 au jeu responsable. Goal Spribe est con\u00e7u pour \u00eatre une exp\u00e9rience passionnante et immersive, mais nous croyons au maintien d&#039;un \u00e9quilibre sain. Nous encourageons tous les joueurs \u00e0 profiter du jeu de mani\u00e8re responsable, en reconnaissant l&#039;importance de fixer des limites et de rester attentif \u00e0 leurs habitudes de jeu. Notre objectif est de faire en sorte que votre exp\u00e9rience de jeu reste une partie positive et agr\u00e9able de votre vie.<\/p>\n\n\n\n<p>Rejoignez notre communaut\u00e9 aujourd&#039;hui et commencez \u00e0 am\u00e9liorer votre exp\u00e9rience de jeu avec GoalsPribe.com !<\/p>","protected":false},"excerpt":{"rendered":"<p>Bienvenue sur Goalspribe.com, votre destination ultime pour tout ce qui concerne le jeu exaltant Goal by Spribe. Ce jeu offre une exp\u00e9rience dynamique et interactive qui maintient les joueurs engag\u00e9s \u00e0 chaque instant. Notre plateforme est construite par une \u00e9quipe de passionn\u00e9s de jeux et de professionnels du secteur. Nous nous engageons \u00e0 fournir une analyse compl\u00e8te, des conseils strat\u00e9giques et [\u2026]<\/p>","protected":false},"author":1,"featured_media":0,"parent":0,"menu_order":0,"comment_status":"closed","ping_status":"closed","template":"","meta":{"footnotes":""},"class_list":["post-156","page","type-page","status-publish","hentry"],"yoast_head":"<!-- This site is optimized with the Yoast SEO plugin v20.11 - https:\/\/yoast.com\/wordpress\/plugins\/seo\/ -->\n<title>About Us | Our Mission &amp; Community<\/title>\n<meta name=\"description\" content=\"Explore Goalspribe.com, the premier resource for Goal by Spribe. Join our community to enhance your gameplay experience.\" \/>\n<meta name=\"robots\" content=\"index, follow, max-snippet:-1, max-image-preview:large, max-video-preview:-1\" \/>\n<link rel=\"canonical\" href=\"https:\/\/goalspribe.com\/fr\/about-us\/\" \/>\n<meta property=\"og:locale\" content=\"fr_FR\" \/>\n<meta property=\"og:type\" content=\"article\" \/>\n<meta property=\"og:title\" content=\"About Us | Our Mission &amp; Community\" \/>\n<meta property=\"og:description\" content=\"Explore Goalspribe.com, the premier resource for Goal by Spribe. Join our community to enhance your gameplay experience.\" \/>\n<meta property=\"og:url\" content=\"https:\/\/goalspribe.com\/fr\/about-us\/\" \/>\n<meta property=\"og:site_name\" content=\"Goal Spribe\" \/>\n<meta property=\"article:modified_time\" content=\"2024-09-02T19:00:21+00:00\" \/>\n<meta name=\"twitter:card\" content=\"summary_large_image\" \/>\n<meta name=\"twitter:label1\" content=\"Dur\u00e9e de lecture estim\u00e9e\" \/>\n\t<meta name=\"twitter:data1\" content=\"1 minute\" \/>\n<script type=\"application\/ld+json\" class=\"yoast-schema-graph\">{\"@context\":\"https:\/\/schema.org\",\"@graph\":[{\"@type\":\"WebPage\",\"@id\":\"https:\/\/goalspribe.com\/about-us\/\",\"url\":\"https:\/\/goalspribe.com\/about-us\/\",\"name\":\"About Us | Our Mission & Community\",\"isPartOf\":{\"@id\":\"https:\/\/goalspribe.com\/#website\"},\"datePublished\":\"2024-09-02T19:00:19+00:00\",\"dateModified\":\"2024-09-02T19:00:21+00:00\",\"description\":\"Explore Goalspribe.com, the premier resource for Goal by Spribe. Join our community to enhance your gameplay experience.\",\"breadcrumb\":{\"@id\":\"https:\/\/goalspribe.com\/about-us\/#breadcrumb\"},\"inLanguage\":\"fr-FR\",\"potentialAction\":[{\"@type\":\"ReadAction\",\"target\":[\"https:\/\/goalspribe.com\/about-us\/\"]}]},{\"@type\":\"BreadcrumbList\",\"@id\":\"https:\/\/goalspribe.com\/about-us\/#breadcrumb\",\"itemListElement\":[{\"@type\":\"ListItem\",\"position\":1,\"name\":\"Home\",\"item\":\"https:\/\/goalspribe.com\/\"},{\"@type\":\"ListItem\",\"position\":2,\"name\":\"About Us\"}]},{\"@type\":\"WebSite\",\"@id\":\"https:\/\/goalspribe.com\/#website\",\"url\":\"https:\/\/goalspribe.com\/\",\"name\":\"Goal Spribe\",\"description\":\"Goal by Spribe\",\"publisher\":{\"@id\":\"https:\/\/goalspribe.com\/#organization\"},\"potentialAction\":[{\"@type\":\"SearchAction\",\"target\":{\"@type\":\"EntryPoint\",\"urlTemplate\":\"https:\/\/goalspribe.com\/?s={search_term_string}\"},\"query-input\":\"required name=search_term_string\"}],\"inLanguage\":\"fr-FR\"},{\"@type\":\"Organization\",\"@id\":\"https:\/\/goalspribe.com\/#organization\",\"name\":\"Goal Spribe\",\"url\":\"https:\/\/goalspribe.com\/\",\"logo\":{\"@type\":\"ImageObject\",\"inLanguage\":\"fr-FR\",\"@id\":\"https:\/\/goalspribe.com\/#\/schema\/logo\/image\/\",\"url\":\"https:\/\/goalspribe.com\/wp-content\/uploads\/2025\/04\/gooal-logo.png\",\"contentUrl\":\"https:\/\/goalspribe.com\/wp-content\/uploads\/2025\/04\/gooal-logo.png\",\"width\":228,\"height\":46,\"caption\":\"Goal Spribe\"},\"image\":{\"@id\":\"https:\/\/goalspribe.com\/#\/schema\/logo\/image\/\"}}]}<\/script>\n<!-- \/ Yoast SEO plugin. -->","yoast_head_json":{"title":"About Us | Our Mission & Community","description":"Explore Goalspribe.com, the premier resource for Goal by Spribe. Join our community to enhance your gameplay experience.","robots":{"index":"index","follow":"follow","max-snippet":"max-snippet:-1","max-image-preview":"max-image-preview:large","max-video-preview":"max-video-preview:-1"},"canonical":"https:\/\/goalspribe.com\/fr\/about-us\/","og_locale":"fr_FR","og_type":"article","og_title":"About Us | Our Mission & Community","og_description":"Explore Goalspribe.com, the premier resource for Goal by Spribe. Join our community to enhance your gameplay experience.","og_url":"https:\/\/goalspribe.com\/fr\/about-us\/","og_site_name":"Goal Spribe","article_modified_time":"2024-09-02T19:00:21+00:00","twitter_card":"summary_large_image","twitter_misc":{"Dur\u00e9e de lecture estim\u00e9e":"1 minute"},"schema":{"@context":"https:\/\/schema.org","@graph":[{"@type":"WebPage","@id":"https:\/\/goalspribe.com\/about-us\/","url":"https:\/\/goalspribe.com\/about-us\/","name":"About Us | Our Mission & Community","isPartOf":{"@id":"https:\/\/goalspribe.com\/#website"},"datePublished":"2024-09-02T19:00:19+00:00","dateModified":"2024-09-02T19:00:21+00:00","description":"Explore Goalspribe.com, the premier resource for Goal by Spribe. Join our community to enhance your gameplay experience.","breadcrumb":{"@id":"https:\/\/goalspribe.com\/about-us\/#breadcrumb"},"inLanguage":"fr-FR","potentialAction":[{"@type":"ReadAction","target":["https:\/\/goalspribe.com\/about-us\/"]}]},{"@type":"BreadcrumbList","@id":"https:\/\/goalspribe.com\/about-us\/#breadcrumb","itemListElement":[{"@type":"ListItem","position":1,"name":"Home","item":"https:\/\/goalspribe.com\/"},{"@type":"ListItem","position":2,"name":"About Us"}]},{"@type":"WebSite","@id":"https:\/\/goalspribe.com\/#website","url":"https:\/\/goalspribe.com\/","name":"Goal Spribe","description":"Goal by Spribe","publisher":{"@id":"https:\/\/goalspribe.com\/#organization"},"potentialAction":[{"@type":"SearchAction","target":{"@type":"EntryPoint","urlTemplate":"https:\/\/goalspribe.com\/?s={search_term_string}"},"query-input":"required name=search_term_string"}],"inLanguage":"fr-FR"},{"@type":"Organization","@id":"https:\/\/goalspribe.com\/#organization","name":"Goal Spribe","url":"https:\/\/goalspribe.com\/","logo":{"@type":"ImageObject","inLanguage":"fr-FR","@id":"https:\/\/goalspribe.com\/#\/schema\/logo\/image\/","url":"https:\/\/goalspribe.com\/wp-content\/uploads\/2025\/04\/gooal-logo.png","contentUrl":"https:\/\/goalspribe.com\/wp-content\/uploads\/2025\/04\/gooal-logo.png","width":228,"height":46,"caption":"Goal Spribe"},"image":{"@id":"https:\/\/goalspribe.com\/#\/schema\/logo\/image\/"}}]}},"_links":{"self":[{"href":"https:\/\/goalspribe.com\/fr\/wp-json\/wp\/v2\/pages\/156","targetHints":{"allow":["GET"]}}],"collection":[{"href":"https:\/\/goalspribe.com\/fr\/wp-json\/wp\/v2\/pages"}],"about":[{"href":"https:\/\/goalspribe.com\/fr\/wp-json\/wp\/v2\/types\/page"}],"author":[{"embeddable":true,"href":"https:\/\/goalspribe.com\/fr\/wp-json\/wp\/v2\/users\/1"}],"replies":[{"embeddable":true,"href":"https:\/\/goalspribe.com\/fr\/wp-json\/wp\/v2\/comments?post=156"}],"version-history":[{"count":1,"href":"https:\/\/goalspribe.com\/fr\/wp-json\/wp\/v2\/pages\/156\/revisions"}],"predecessor-version":[{"id":157,"href":"https:\/\/goalspribe.com\/fr\/wp-json\/wp\/v2\/pages\/156\/revisions\/157"}],"wp:attachment":[{"href":"https:\/\/goalspribe.com\/fr\/wp-json\/wp\/v2\/media?parent=156"}],"curies":[{"name":"wp","href":"https:\/\/api.w.org\/{rel}","templated":true}]}}